{"id":697,"date":"2022-09-26T23:32:23","date_gmt":"2022-09-26T23:32:23","guid":{"rendered":"https:\/\/hakunamatatacuba.com\/?post_type=product&#038;p=697"},"modified":"2022-11-22T08:54:24","modified_gmt":"2022-11-22T08:54:24","slug":"habitacion-triple-con-bano-compartido","status":"publish","type":"product","link":"https:\/\/hakunamatatacuba.com\/en\/reserva\/habitacion-triple-con-bano-compartido\/","title":{"rendered":"Habitaci\u00f3n triple con ba\u00f1o compartido"},"content":{"rendered":"<p>Con Hakuna Matata queremos compartir nuestro sue\u00f1o hecho realidad! Vivir una experiencia en un entorno tropical abondante con los 5 sentidos, admirar el cielo estrellado, tomarse el agua pura de nuestro manantial, despertarse con el ruido de los p\u00e1jaros, sentir el \u00fanico olor h\u00famedo al bosque tropical y del rico cafe cultivado en las tierras fertiles del Parque Natural que nos rodea. Hospedarse en Hakuna Matata es vivir Cuba de forma \u00fanica, conectada a su tierra&#8230;<\/p>","protected":false},"excerpt":{"rendered":"<p>Con Hakuna Matata queremos compartir nuestro sue\u00f1o hecho realidad! Vivir una experiencia en un entorno tropical abondante con los 5 sentidos, admirar el cielo estrellado, tomarse el agua pura de nuestro manantial, despertarse con el ruido de los p\u00e1jaros, sentir el \u00fanico olor h\u00famedo al bosque tropical y del rico cafe cultivado en las tierras [&hellip;]<\/p>","protected":false},"featured_media":395,"comment_status":"closed","ping_status":"closed","template":"","meta":{"_acf_changed":false},"product_brand":[],"product_cat":[15],"product_tag":[],"class_list":{"0":"post-697","1":"product","2":"type-product","3":"status-publish","4":"has-post-thumbnail","6":"product_cat-otras","7":"yith_booking_service-desayuno","9":"first","10":"instock","11":"featured","12":"virtual","13":"sold-individually","14":"purchasable","15":"product-type-booking"},"acf":[],"yoast_head":"<!-- This site is optimized with the Yoast SEO plugin v25.2 - https:\/\/yoast.com\/wordpress\/plugins\/seo\/ -->\n<title>Habitaci\u00f3n triple con ba\u00f1o compartido &#8226; Hakuna Matata<\/title>\n<meta name=\"robots\" content=\"index, follow, max-snippet:-1, max-image-preview:large, max-video-preview:-1\" \/>\n<link rel=\"canonical\" href=\"https:\/\/hakunamatatacuba.com\/en\/reserva\/habitacion-triple-con-bano-compartido\/\" \/>\n<meta property=\"og:locale\" content=\"en_GB\" \/>\n<meta property=\"og:type\" content=\"article\" \/>\n<meta property=\"og:title\" content=\"Habitaci\u00f3n triple con ba\u00f1o compartido &#8226; Hakuna Matata\" \/>\n<meta property=\"og:description\" content=\"Con Hakuna Matata queremos compartir nuestro sue\u00f1o hecho realidad! Vivir una experiencia en un entorno tropical abondante con los 5 sentidos, admirar el cielo estrellado, tomarse el agua pura de nuestro manantial, despertarse con el ruido de los p\u00e1jaros, sentir el \u00fanico olor h\u00famedo al bosque tropical y del rico cafe cultivado en las tierras [&hellip;]\" \/>\n<meta property=\"og:url\" content=\"https:\/\/hakunamatatacuba.com\/en\/reserva\/habitacion-triple-con-bano-compartido\/\" \/>\n<meta property=\"og:site_name\" content=\"Hakuna Matata\" \/>\n<meta property=\"article:modified_time\" content=\"2022-11-22T08:54:24+00:00\" \/>\n<meta property=\"og:image\" content=\"https:\/\/hakunamatatacuba.com\/wp-content\/uploads\/2022\/09\/Hakuna-Matata-Cuba07.jpg\" \/>\n\t<meta property=\"og:image:width\" content=\"1280\" \/>\n\t<meta property=\"og:image:height\" content=\"853\" \/>\n\t<meta property=\"og:image:type\" content=\"image\/jpeg\" \/>\n<meta name=\"twitter:card\" content=\"summary_large_image\" \/>\n<meta name=\"twitter:label1\" content=\"Estimated reading time\" \/>\n\t<meta name=\"twitter:data1\" content=\"1 minute\" \/>\n<script type=\"application\/ld+json\" class=\"yoast-schema-graph\">{\"@context\":\"https:\/\/schema.org\",\"@graph\":[{\"@type\":\"WebPage\",\"@id\":\"https:\/\/hakunamatatacuba.com\/reserva\/habitacion-triple-con-bano-compartido\/\",\"url\":\"https:\/\/hakunamatatacuba.com\/reserva\/habitacion-triple-con-bano-compartido\/\",\"name\":\"Habitaci\u00f3n triple con ba\u00f1o compartido &#8226; Hakuna Matata\",\"isPartOf\":{\"@id\":\"https:\/\/hakunamatatacuba.com\/#website\"},\"primaryImageOfPage\":{\"@id\":\"https:\/\/hakunamatatacuba.com\/reserva\/habitacion-triple-con-bano-compartido\/#primaryimage\"},\"image\":{\"@id\":\"https:\/\/hakunamatatacuba.com\/reserva\/habitacion-triple-con-bano-compartido\/#primaryimage\"},\"thumbnailUrl\":\"https:\/\/hakunamatatacuba.com\/wp-content\/uploads\/2022\/09\/Hakuna-Matata-Cuba07.jpg\",\"datePublished\":\"2022-09-26T23:32:23+00:00\",\"dateModified\":\"2022-11-22T08:54:24+00:00\",\"breadcrumb\":{\"@id\":\"https:\/\/hakunamatatacuba.com\/reserva\/habitacion-triple-con-bano-compartido\/#breadcrumb\"},\"inLanguage\":\"en-GB\",\"potentialAction\":[{\"@type\":\"ReadAction\",\"target\":[\"https:\/\/hakunamatatacuba.com\/reserva\/habitacion-triple-con-bano-compartido\/\"]}]},{\"@type\":\"ImageObject\",\"inLanguage\":\"en-GB\",\"@id\":\"https:\/\/hakunamatatacuba.com\/reserva\/habitacion-triple-con-bano-compartido\/#primaryimage\",\"url\":\"https:\/\/hakunamatatacuba.com\/wp-content\/uploads\/2022\/09\/Hakuna-Matata-Cuba07.jpg\",\"contentUrl\":\"https:\/\/hakunamatatacuba.com\/wp-content\/uploads\/2022\/09\/Hakuna-Matata-Cuba07.jpg\",\"width\":1280,\"height\":853},{\"@type\":\"BreadcrumbList\",\"@id\":\"https:\/\/hakunamatatacuba.com\/reserva\/habitacion-triple-con-bano-compartido\/#breadcrumb\",\"itemListElement\":[{\"@type\":\"ListItem\",\"position\":1,\"name\":\"Hakuna Matata\",\"item\":\"https:\/\/hakunamatatacuba.com\/\"},{\"@type\":\"ListItem\",\"position\":2,\"name\":\"Reservar\",\"item\":\"https:\/\/hakunamatatacuba.com\/tienda\/\"},{\"@type\":\"ListItem\",\"position\":3,\"name\":\"Habitaci\u00f3n triple con ba\u00f1o compartido\"}]},{\"@type\":\"WebSite\",\"@id\":\"https:\/\/hakunamatatacuba.com\/#website\",\"url\":\"https:\/\/hakunamatatacuba.com\/\",\"name\":\"Hakuna Matata\",\"description\":\"Con\u00e9ctate con la naturaleza.\",\"publisher\":{\"@id\":\"https:\/\/hakunamatatacuba.com\/#organization\"},\"potentialAction\":[{\"@type\":\"SearchAction\",\"target\":{\"@type\":\"EntryPoint\",\"urlTemplate\":\"https:\/\/hakunamatatacuba.com\/?s={search_term_string}\"},\"query-input\":{\"@type\":\"PropertyValueSpecification\",\"valueRequired\":true,\"valueName\":\"search_term_string\"}}],\"inLanguage\":\"en-GB\"},{\"@type\":\"Organization\",\"@id\":\"https:\/\/hakunamatatacuba.com\/#organization\",\"name\":\"Hakuna Matata\",\"url\":\"https:\/\/hakunamatatacuba.com\/\",\"logo\":{\"@type\":\"ImageObject\",\"inLanguage\":\"en-GB\",\"@id\":\"https:\/\/hakunamatatacuba.com\/#\/schema\/logo\/image\/\",\"url\":\"https:\/\/hakunamatatacuba.com\/wp-content\/uploads\/2022\/07\/logo-daph-fond-blanc.png\",\"contentUrl\":\"https:\/\/hakunamatatacuba.com\/wp-content\/uploads\/2022\/07\/logo-daph-fond-blanc.png\",\"width\":1448,\"height\":1251,\"caption\":\"Hakuna Matata\"},\"image\":{\"@id\":\"https:\/\/hakunamatatacuba.com\/#\/schema\/logo\/image\/\"}}]}<\/script>\n<!-- \/ Yoast SEO plugin. -->","yoast_head_json":{"title":"Habitaci\u00f3n triple con ba\u00f1o compartido &#8226; Hakuna Matata","robots":{"index":"index","follow":"follow","max-snippet":"max-snippet:-1","max-image-preview":"max-image-preview:large","max-video-preview":"max-video-preview:-1"},"canonical":"https:\/\/hakunamatatacuba.com\/en\/reserva\/habitacion-triple-con-bano-compartido\/","og_locale":"en_GB","og_type":"article","og_title":"Habitaci\u00f3n triple con ba\u00f1o compartido &#8226; Hakuna Matata","og_description":"Con Hakuna Matata queremos compartir nuestro sue\u00f1o hecho realidad! Vivir una experiencia en un entorno tropical abondante con los 5 sentidos, admirar el cielo estrellado, tomarse el agua pura de nuestro manantial, despertarse con el ruido de los p\u00e1jaros, sentir el \u00fanico olor h\u00famedo al bosque tropical y del rico cafe cultivado en las tierras [&hellip;]","og_url":"https:\/\/hakunamatatacuba.com\/en\/reserva\/habitacion-triple-con-bano-compartido\/","og_site_name":"Hakuna Matata","article_modified_time":"2022-11-22T08:54:24+00:00","og_image":[{"width":1280,"height":853,"url":"https:\/\/hakunamatatacuba.com\/wp-content\/uploads\/2022\/09\/Hakuna-Matata-Cuba07.jpg","type":"image\/jpeg"}],"twitter_card":"summary_large_image","twitter_misc":{"Estimated reading time":"1 minute"},"schema":{"@context":"https:\/\/schema.org","@graph":[{"@type":"WebPage","@id":"https:\/\/hakunamatatacuba.com\/reserva\/habitacion-triple-con-bano-compartido\/","url":"https:\/\/hakunamatatacuba.com\/reserva\/habitacion-triple-con-bano-compartido\/","name":"Habitaci\u00f3n triple con ba\u00f1o compartido &#8226; Hakuna Matata","isPartOf":{"@id":"https:\/\/hakunamatatacuba.com\/#website"},"primaryImageOfPage":{"@id":"https:\/\/hakunamatatacuba.com\/reserva\/habitacion-triple-con-bano-compartido\/#primaryimage"},"image":{"@id":"https:\/\/hakunamatatacuba.com\/reserva\/habitacion-triple-con-bano-compartido\/#primaryimage"},"thumbnailUrl":"https:\/\/hakunamatatacuba.com\/wp-content\/uploads\/2022\/09\/Hakuna-Matata-Cuba07.jpg","datePublished":"2022-09-26T23:32:23+00:00","dateModified":"2022-11-22T08:54:24+00:00","breadcrumb":{"@id":"https:\/\/hakunamatatacuba.com\/reserva\/habitacion-triple-con-bano-compartido\/#breadcrumb"},"inLanguage":"en-GB","potentialAction":[{"@type":"ReadAction","target":["https:\/\/hakunamatatacuba.com\/reserva\/habitacion-triple-con-bano-compartido\/"]}]},{"@type":"ImageObject","inLanguage":"en-GB","@id":"https:\/\/hakunamatatacuba.com\/reserva\/habitacion-triple-con-bano-compartido\/#primaryimage","url":"https:\/\/hakunamatatacuba.com\/wp-content\/uploads\/2022\/09\/Hakuna-Matata-Cuba07.jpg","contentUrl":"https:\/\/hakunamatatacuba.com\/wp-content\/uploads\/2022\/09\/Hakuna-Matata-Cuba07.jpg","width":1280,"height":853},{"@type":"BreadcrumbList","@id":"https:\/\/hakunamatatacuba.com\/reserva\/habitacion-triple-con-bano-compartido\/#breadcrumb","itemListElement":[{"@type":"ListItem","position":1,"name":"Hakuna Matata","item":"https:\/\/hakunamatatacuba.com\/"},{"@type":"ListItem","position":2,"name":"Reservar","item":"https:\/\/hakunamatatacuba.com\/tienda\/"},{"@type":"ListItem","position":3,"name":"Habitaci\u00f3n triple con ba\u00f1o compartido"}]},{"@type":"WebSite","@id":"https:\/\/hakunamatatacuba.com\/#website","url":"https:\/\/hakunamatatacuba.com\/","name":"Hakuna Matata","description":"Con\u00e9ctate con la naturaleza.","publisher":{"@id":"https:\/\/hakunamatatacuba.com\/#organization"},"potentialAction":[{"@type":"SearchAction","target":{"@type":"EntryPoint","urlTemplate":"https:\/\/hakunamatatacuba.com\/?s={search_term_string}"},"query-input":{"@type":"PropertyValueSpecification","valueRequired":true,"valueName":"search_term_string"}}],"inLanguage":"en-GB"},{"@type":"Organization","@id":"https:\/\/hakunamatatacuba.com\/#organization","name":"Hakuna Matata","url":"https:\/\/hakunamatatacuba.com\/","logo":{"@type":"ImageObject","inLanguage":"en-GB","@id":"https:\/\/hakunamatatacuba.com\/#\/schema\/logo\/image\/","url":"https:\/\/hakunamatatacuba.com\/wp-content\/uploads\/2022\/07\/logo-daph-fond-blanc.png","contentUrl":"https:\/\/hakunamatatacuba.com\/wp-content\/uploads\/2022\/07\/logo-daph-fond-blanc.png","width":1448,"height":1251,"caption":"Hakuna Matata"},"image":{"@id":"https:\/\/hakunamatatacuba.com\/#\/schema\/logo\/image\/"}}]}},"_links":{"self":[{"href":"https:\/\/hakunamatatacuba.com\/en\/wp-json\/wp\/v2\/product\/697","targetHints":{"allow":["GET"]}}],"collection":[{"href":"https:\/\/hakunamatatacuba.com\/en\/wp-json\/wp\/v2\/product"}],"about":[{"href":"https:\/\/hakunamatatacuba.com\/en\/wp-json\/wp\/v2\/types\/product"}],"replies":[{"embeddable":true,"href":"https:\/\/hakunamatatacuba.com\/en\/wp-json\/wp\/v2\/comments?post=697"}],"wp:featuredmedia":[{"embeddable":true,"href":"https:\/\/hakunamatatacuba.com\/en\/wp-json\/wp\/v2\/media\/395"}],"wp:attachment":[{"href":"https:\/\/hakunamatatacuba.com\/en\/wp-json\/wp\/v2\/media?parent=697"}],"wp:term":[{"taxonomy":"product_brand","embeddable":true,"href":"https:\/\/hakunamatatacuba.com\/en\/wp-json\/wp\/v2\/product_brand?post=697"},{"taxonomy":"product_cat","embeddable":true,"href":"https:\/\/hakunamatatacuba.com\/en\/wp-json\/wp\/v2\/product_cat?post=697"},{"taxonomy":"product_tag","embeddable":true,"href":"https:\/\/hakunamatatacuba.com\/en\/wp-json\/wp\/v2\/product_tag?post=697"}],"curies":[{"name":"wp","href":"https:\/\/api.w.org\/{rel}","templated":true}]}}