{"id":8,"date":"2022-06-28T15:27:55","date_gmt":"2022-06-28T15:27:55","guid":{"rendered":"https:\/\/hakunamatatacuba.com\/index.php\/my-account\/"},"modified":"2022-10-14T10:16:49","modified_gmt":"2022-10-14T10:16:49","slug":"mi-cuenta","status":"publish","type":"page","link":"https:\/\/hakunamatatacuba.com\/fr\/mi-cuenta\/","title":{"rendered":"Mi cuenta"},"content":{"rendered":"<div data-elementor-type=\"wp-page\" data-elementor-id=\"8\" class=\"elementor elementor-8\" data-elementor-post-type=\"page\">\n\t\t\t\t\t\t<section class=\"elementor-section elementor-top-section elementor-element elementor-element-6d922131 elementor-section-boxed elementor-section-height-default elementor-section-height-default\" data-id=\"6d922131\" data-element_type=\"section\" data-settings=\"{&quot;background_background&quot;:&quot;classic&quot;}\">\n\t\t\t\t\t\t\t<div class=\"elementor-background-overlay\"><\/div>\n\t\t\t\t\t\t\t<div class=\"elementor-container elementor-column-gap-no\">\n\t\t\t\t\t<div class=\"elementor-column elementor-col-100 elementor-top-column elementor-element elementor-element-5e376967\" data-id=\"5e376967\" data-element_type=\"column\">\n\t\t\t<div class=\"elementor-widget-wrap elementor-element-populated\">\n\t\t\t\t\t\t\t<\/div>\n\t\t<\/div>\n\t\t\t\t\t<\/div>\n\t\t<\/section>\n\t\t\t\t<section class=\"elementor-section elementor-top-section elementor-element elementor-element-350b60eb elementor-section-boxed elementor-section-height-default elementor-section-height-default\" data-id=\"350b60eb\" data-element_type=\"section\" data-settings=\"{&quot;background_background&quot;:&quot;classic&quot;}\">\n\t\t\t\t\t\t<div class=\"elementor-container elementor-column-gap-default\">\n\t\t\t\t\t<div class=\"elementor-column elementor-col-100 elementor-top-column elementor-element elementor-element-70391d59\" data-id=\"70391d59\" data-element_type=\"column\">\n\t\t\t<div class=\"elementor-widget-wrap elementor-element-populated\">\n\t\t\t\t\t\t<div class=\"elementor-element elementor-element-6fafe175 elementor-widget elementor-widget-spacer\" data-id=\"6fafe175\" data-element_type=\"widget\" data-widget_type=\"spacer.default\">\n\t\t\t\t<div class=\"elementor-widget-container\">\n\t\t\t\t\t\t\t<div class=\"elementor-spacer\">\n\t\t\t<div class=\"elementor-spacer-inner\"><\/div>\n\t\t<\/div>\n\t\t\t\t\t\t<\/div>\n\t\t\t\t<\/div>\n\t\t\t\t\t<\/div>\n\t\t<\/div>\n\t\t\t\t\t<\/div>\n\t\t<\/section>\n\t\t\t\t<section class=\"elementor-section elementor-top-section elementor-element elementor-element-fc908b5 elementor-section-boxed elementor-section-height-default elementor-section-height-default\" data-id=\"fc908b5\" data-element_type=\"section\">\n\t\t\t\t\t\t<div class=\"elementor-container elementor-column-gap-default\">\n\t\t\t\t\t<div class=\"elementor-column elementor-col-100 elementor-top-column elementor-element elementor-element-74c3fe9\" data-id=\"74c3fe9\" data-element_type=\"column\">\n\t\t\t<div class=\"elementor-widget-wrap elementor-element-populated\">\n\t\t\t\t\t\t<div class=\"elementor-element elementor-element-883af8b e-my-account-tabs-vertical elementor-widget elementor-widget-woocommerce-my-account\" data-id=\"883af8b\" data-element_type=\"widget\" data-widget_type=\"woocommerce-my-account.default\">\n\t\t\t\t<div class=\"elementor-widget-container\">\n\t\t\t\t\t<div class=\"e-my-account-tab e-my-account-tab__\">\t\t\t<div class=\"woocommerce\"><\/div>\t\t<\/div>\n\t\t\t\t\t\t<\/div>\n\t\t\t\t<\/div>\n\t\t\t\t\t<\/div>\n\t\t<\/div>\n\t\t\t\t\t<\/div>\n\t\t<\/section>\n\t\t\t\t<\/div>","protected":false},"excerpt":{"rendered":"<p>Escritorio Reservas Pedidos Direcciones M\u00e9todos de pago Detalles de la cuenta Cerrar sesi\u00f3n Hola Arian Hernandez (\u00bfno eres Arian Hernandez? Cerrar sesi\u00f3n) Desde el escritorio de tu cuenta puedes ver tus pedidos recientes, gestionar tus direcciones de env\u00edo y facturaci\u00f3n y editar tu contrase\u00f1a y los detalles de tu cuenta.<\/p>","protected":false},"author":1,"featured_media":0,"parent":0,"menu_order":0,"comment_status":"closed","ping_status":"closed","template":"","meta":{"_acf_changed":false,"footnotes":""},"class_list":["post-8","page","type-page","status-publish","hentry"],"acf":[],"yoast_head":"<!-- This site is optimized with the Yoast SEO plugin v25.2 - https:\/\/yoast.com\/wordpress\/plugins\/seo\/ -->\n<title>Mi cuenta &#8226; Hakuna Matata<\/title>\n<meta name=\"robots\" content=\"index, follow, max-snippet:-1, max-image-preview:large, max-video-preview:-1\" \/>\n<link rel=\"canonical\" href=\"https:\/\/hakunamatatacuba.com\/fr\/mi-cuenta\/\" \/>\n<meta property=\"og:locale\" content=\"fr_FR\" \/>\n<meta property=\"og:type\" content=\"article\" \/>\n<meta property=\"og:title\" content=\"Mi cuenta &#8226; Hakuna Matata\" \/>\n<meta property=\"og:description\" content=\"Escritorio Reservas Pedidos Direcciones M\u00e9todos de pago Detalles de la cuenta Cerrar sesi\u00f3n Hola Arian Hernandez (\u00bfno eres Arian Hernandez? Cerrar sesi\u00f3n) Desde el escritorio de tu cuenta puedes ver tus pedidos recientes, gestionar tus direcciones de env\u00edo y facturaci\u00f3n y editar tu contrase\u00f1a y los detalles de tu cuenta.\" \/>\n<meta property=\"og:url\" content=\"https:\/\/hakunamatatacuba.com\/fr\/mi-cuenta\/\" \/>\n<meta property=\"og:site_name\" content=\"Hakuna Matata\" \/>\n<meta property=\"article:modified_time\" content=\"2022-10-14T10:16:49+00:00\" \/>\n<meta name=\"twitter:card\" content=\"summary_large_image\" \/>\n<meta name=\"twitter:label1\" content=\"Dur\u00e9e de lecture estim\u00e9e\" \/>\n\t<meta name=\"twitter:data1\" content=\"2 minutes\" \/>\n<script type=\"application\/ld+json\" class=\"yoast-schema-graph\">{\"@context\":\"https:\/\/schema.org\",\"@graph\":[{\"@type\":\"WebPage\",\"@id\":\"https:\/\/hakunamatatacuba.com\/mi-cuenta\/\",\"url\":\"https:\/\/hakunamatatacuba.com\/mi-cuenta\/\",\"name\":\"Mi cuenta &#8226; Hakuna Matata\",\"isPartOf\":{\"@id\":\"https:\/\/hakunamatatacuba.com\/#website\"},\"datePublished\":\"2022-06-28T15:27:55+00:00\",\"dateModified\":\"2022-10-14T10:16:49+00:00\",\"breadcrumb\":{\"@id\":\"https:\/\/hakunamatatacuba.com\/mi-cuenta\/#breadcrumb\"},\"inLanguage\":\"fr-FR\",\"potentialAction\":[{\"@type\":\"ReadAction\",\"target\":[\"https:\/\/hakunamatatacuba.com\/mi-cuenta\/\"]}]},{\"@type\":\"BreadcrumbList\",\"@id\":\"https:\/\/hakunamatatacuba.com\/mi-cuenta\/#breadcrumb\",\"itemListElement\":[{\"@type\":\"ListItem\",\"position\":1,\"name\":\"Hakuna Matata\",\"item\":\"https:\/\/hakunamatatacuba.com\/\"},{\"@type\":\"ListItem\",\"position\":2,\"name\":\"Mi cuenta\"}]},{\"@type\":\"WebSite\",\"@id\":\"https:\/\/hakunamatatacuba.com\/#website\",\"url\":\"https:\/\/hakunamatatacuba.com\/\",\"name\":\"Hakuna Matata\",\"description\":\"Con\u00e9ctate con la naturaleza.\",\"publisher\":{\"@id\":\"https:\/\/hakunamatatacuba.com\/#organization\"},\"potentialAction\":[{\"@type\":\"SearchAction\",\"target\":{\"@type\":\"EntryPoint\",\"urlTemplate\":\"https:\/\/hakunamatatacuba.com\/?s={search_term_string}\"},\"query-input\":{\"@type\":\"PropertyValueSpecification\",\"valueRequired\":true,\"valueName\":\"search_term_string\"}}],\"inLanguage\":\"fr-FR\"},{\"@type\":\"Organization\",\"@id\":\"https:\/\/hakunamatatacuba.com\/#organization\",\"name\":\"Hakuna Matata\",\"url\":\"https:\/\/hakunamatatacuba.com\/\",\"logo\":{\"@type\":\"ImageObject\",\"inLanguage\":\"fr-FR\",\"@id\":\"https:\/\/hakunamatatacuba.com\/#\/schema\/logo\/image\/\",\"url\":\"https:\/\/hakunamatatacuba.com\/wp-content\/uploads\/2022\/07\/logo-daph-fond-blanc.png\",\"contentUrl\":\"https:\/\/hakunamatatacuba.com\/wp-content\/uploads\/2022\/07\/logo-daph-fond-blanc.png\",\"width\":1448,\"height\":1251,\"caption\":\"Hakuna Matata\"},\"image\":{\"@id\":\"https:\/\/hakunamatatacuba.com\/#\/schema\/logo\/image\/\"}}]}<\/script>\n<!-- \/ Yoast SEO plugin. -->","yoast_head_json":{"title":"Mi cuenta &#8226; Hakuna Matata","robots":{"index":"index","follow":"follow","max-snippet":"max-snippet:-1","max-image-preview":"max-image-preview:large","max-video-preview":"max-video-preview:-1"},"canonical":"https:\/\/hakunamatatacuba.com\/fr\/mi-cuenta\/","og_locale":"fr_FR","og_type":"article","og_title":"Mi cuenta &#8226; Hakuna Matata","og_description":"Escritorio Reservas Pedidos Direcciones M\u00e9todos de pago Detalles de la cuenta Cerrar sesi\u00f3n Hola Arian Hernandez (\u00bfno eres Arian Hernandez? Cerrar sesi\u00f3n) Desde el escritorio de tu cuenta puedes ver tus pedidos recientes, gestionar tus direcciones de env\u00edo y facturaci\u00f3n y editar tu contrase\u00f1a y los detalles de tu cuenta.","og_url":"https:\/\/hakunamatatacuba.com\/fr\/mi-cuenta\/","og_site_name":"Hakuna Matata","article_modified_time":"2022-10-14T10:16:49+00:00","twitter_card":"summary_large_image","twitter_misc":{"Dur\u00e9e de lecture estim\u00e9e":"2 minutes"},"schema":{"@context":"https:\/\/schema.org","@graph":[{"@type":"WebPage","@id":"https:\/\/hakunamatatacuba.com\/mi-cuenta\/","url":"https:\/\/hakunamatatacuba.com\/mi-cuenta\/","name":"Mi cuenta &#8226; Hakuna Matata","isPartOf":{"@id":"https:\/\/hakunamatatacuba.com\/#website"},"datePublished":"2022-06-28T15:27:55+00:00","dateModified":"2022-10-14T10:16:49+00:00","breadcrumb":{"@id":"https:\/\/hakunamatatacuba.com\/mi-cuenta\/#breadcrumb"},"inLanguage":"fr-FR","potentialAction":[{"@type":"ReadAction","target":["https:\/\/hakunamatatacuba.com\/mi-cuenta\/"]}]},{"@type":"BreadcrumbList","@id":"https:\/\/hakunamatatacuba.com\/mi-cuenta\/#breadcrumb","itemListElement":[{"@type":"ListItem","position":1,"name":"Hakuna Matata","item":"https:\/\/hakunamatatacuba.com\/"},{"@type":"ListItem","position":2,"name":"Mi cuenta"}]},{"@type":"WebSite","@id":"https:\/\/hakunamatatacuba.com\/#website","url":"https:\/\/hakunamatatacuba.com\/","name":"Hakuna Matata","description":"Con\u00e9ctate con la naturaleza.","publisher":{"@id":"https:\/\/hakunamatatacuba.com\/#organization"},"potentialAction":[{"@type":"SearchAction","target":{"@type":"EntryPoint","urlTemplate":"https:\/\/hakunamatatacuba.com\/?s={search_term_string}"},"query-input":{"@type":"PropertyValueSpecification","valueRequired":true,"valueName":"search_term_string"}}],"inLanguage":"fr-FR"},{"@type":"Organization","@id":"https:\/\/hakunamatatacuba.com\/#organization","name":"Hakuna Matata","url":"https:\/\/hakunamatatacuba.com\/","logo":{"@type":"ImageObject","inLanguage":"fr-FR","@id":"https:\/\/hakunamatatacuba.com\/#\/schema\/logo\/image\/","url":"https:\/\/hakunamatatacuba.com\/wp-content\/uploads\/2022\/07\/logo-daph-fond-blanc.png","contentUrl":"https:\/\/hakunamatatacuba.com\/wp-content\/uploads\/2022\/07\/logo-daph-fond-blanc.png","width":1448,"height":1251,"caption":"Hakuna Matata"},"image":{"@id":"https:\/\/hakunamatatacuba.com\/#\/schema\/logo\/image\/"}}]}},"_links":{"self":[{"href":"https:\/\/hakunamatatacuba.com\/fr\/wp-json\/wp\/v2\/pages\/8","targetHints":{"allow":["GET"]}}],"collection":[{"href":"https:\/\/hakunamatatacuba.com\/fr\/wp-json\/wp\/v2\/pages"}],"about":[{"href":"https:\/\/hakunamatatacuba.com\/fr\/wp-json\/wp\/v2\/types\/page"}],"author":[{"embeddable":true,"href":"https:\/\/hakunamatatacuba.com\/fr\/wp-json\/wp\/v2\/users\/1"}],"replies":[{"embeddable":true,"href":"https:\/\/hakunamatatacuba.com\/fr\/wp-json\/wp\/v2\/comments?post=8"}],"version-history":[{"count":0,"href":"https:\/\/hakunamatatacuba.com\/fr\/wp-json\/wp\/v2\/pages\/8\/revisions"}],"wp:attachment":[{"href":"https:\/\/hakunamatatacuba.com\/fr\/wp-json\/wp\/v2\/media?parent=8"}],"curies":[{"name":"wp","href":"https:\/\/api.w.org\/{rel}","templated":true}]}}