{"id":696,"date":"2022-09-26T23:26:49","date_gmt":"2022-09-26T23:26:49","guid":{"rendered":"https:\/\/hakunamatatacuba.com\/?post_type=product&#038;p=696"},"modified":"2022-11-22T08:54:24","modified_gmt":"2022-11-22T08:54:24","slug":"habitacion-triple-con-bano-privado","status":"publish","type":"product","link":"https:\/\/hakunamatatacuba.com\/fr\/reserva\/habitacion-triple-con-bano-privado\/","title":{"rendered":"Chambre triple avec salle de bain priv\u00e9e"},"content":{"rendered":"<p>Avec Hakuna Matata, nous voulons partager notre r\u00eave devenu r\u00e9alit\u00e9 ! Vivez une exp\u00e9rience dans un environnement tropical abondant avec les 5 sens, admirez le ciel \u00e9toil\u00e9, buvez l'eau pure de notre source, r\u00e9veillez-vous au son des oiseaux, sentez l'odeur humide unique de la for\u00eat tropicale et le riche caf\u00e9 cultiv\u00e9 sur le terre fertile Parc Naturel qui nous entoure. S\u00e9journer \u00e0 Hakuna Matata, c'est vivre Cuba d'une mani\u00e8re unique, connect\u00e9e \u00e0 sa terre...<\/p>","protected":false},"excerpt":{"rendered":"<p>Con Hakuna Matata queremos compartir nuestro sue\u00f1o hecho realidad! Vivir una experiencia en un entorno tropical abondante con los 5 sentidos, admirar el cielo estrellado, tomarse el agua pura de nuestro manantial, despertarse con el ruido de los p\u00e1jaros, sentir el \u00fanico olor h\u00famedo al bosque tropical y del rico cafe cultivado en las tierras [&hellip;]<\/p>","protected":false},"featured_media":394,"comment_status":"closed","ping_status":"closed","template":"","meta":{"_acf_changed":false},"product_brand":[],"product_cat":[15],"product_tag":[],"class_list":{"0":"post-696","1":"product","2":"type-product","3":"status-publish","4":"has-post-thumbnail","6":"product_cat-otras","7":"yith_booking_service-desayuno","9":"first","10":"instock","11":"featured","12":"virtual","13":"sold-individually","14":"purchasable","15":"product-type-booking"},"acf":[],"yoast_head":"<!-- This site is optimized with the Yoast SEO plugin v25.2 - https:\/\/yoast.com\/wordpress\/plugins\/seo\/ -->\n<title>Habitaci\u00f3n triple con ba\u00f1o privado &#8226; Hakuna Matata<\/title>\n<meta name=\"robots\" content=\"index, follow, max-snippet:-1, max-image-preview:large, max-video-preview:-1\" \/>\n<link rel=\"canonical\" href=\"https:\/\/hakunamatatacuba.com\/fr\/reserva\/habitacion-triple-con-bano-privado\/\" \/>\n<meta property=\"og:locale\" content=\"fr_FR\" \/>\n<meta property=\"og:type\" content=\"article\" \/>\n<meta property=\"og:title\" content=\"Habitaci\u00f3n triple con ba\u00f1o privado &#8226; Hakuna Matata\" \/>\n<meta property=\"og:description\" content=\"Con Hakuna Matata queremos compartir nuestro sue\u00f1o hecho realidad! Vivir una experiencia en un entorno tropical abondante con los 5 sentidos, admirar el cielo estrellado, tomarse el agua pura de nuestro manantial, despertarse con el ruido de los p\u00e1jaros, sentir el \u00fanico olor h\u00famedo al bosque tropical y del rico cafe cultivado en las tierras [&hellip;]\" \/>\n<meta property=\"og:url\" content=\"https:\/\/hakunamatatacuba.com\/fr\/reserva\/habitacion-triple-con-bano-privado\/\" \/>\n<meta property=\"og:site_name\" content=\"Hakuna Matata\" \/>\n<meta property=\"article:modified_time\" content=\"2022-11-22T08:54:24+00:00\" \/>\n<meta property=\"og:image\" content=\"https:\/\/hakunamatatacuba.com\/wp-content\/uploads\/2022\/09\/Hakuna-Matata-Cuba06.jpg\" \/>\n\t<meta property=\"og:image:width\" content=\"1280\" \/>\n\t<meta property=\"og:image:height\" content=\"719\" \/>\n\t<meta property=\"og:image:type\" content=\"image\/jpeg\" \/>\n<meta name=\"twitter:card\" content=\"summary_large_image\" \/>\n<meta name=\"twitter:label1\" content=\"Dur\u00e9e de lecture estim\u00e9e\" \/>\n\t<meta name=\"twitter:data1\" content=\"1 minute\" \/>\n<script type=\"application\/ld+json\" class=\"yoast-schema-graph\">{\"@context\":\"https:\/\/schema.org\",\"@graph\":[{\"@type\":\"WebPage\",\"@id\":\"https:\/\/hakunamatatacuba.com\/reserva\/habitacion-triple-con-bano-privado\/\",\"url\":\"https:\/\/hakunamatatacuba.com\/reserva\/habitacion-triple-con-bano-privado\/\",\"name\":\"Habitaci\u00f3n triple con ba\u00f1o privado &#8226; Hakuna Matata\",\"isPartOf\":{\"@id\":\"https:\/\/hakunamatatacuba.com\/#website\"},\"primaryImageOfPage\":{\"@id\":\"https:\/\/hakunamatatacuba.com\/reserva\/habitacion-triple-con-bano-privado\/#primaryimage\"},\"image\":{\"@id\":\"https:\/\/hakunamatatacuba.com\/reserva\/habitacion-triple-con-bano-privado\/#primaryimage\"},\"thumbnailUrl\":\"https:\/\/hakunamatatacuba.com\/wp-content\/uploads\/2022\/09\/Hakuna-Matata-Cuba06.jpg\",\"datePublished\":\"2022-09-26T23:26:49+00:00\",\"dateModified\":\"2022-11-22T08:54:24+00:00\",\"breadcrumb\":{\"@id\":\"https:\/\/hakunamatatacuba.com\/reserva\/habitacion-triple-con-bano-privado\/#breadcrumb\"},\"inLanguage\":\"fr-FR\",\"potentialAction\":[{\"@type\":\"ReadAction\",\"target\":[\"https:\/\/hakunamatatacuba.com\/reserva\/habitacion-triple-con-bano-privado\/\"]}]},{\"@type\":\"ImageObject\",\"inLanguage\":\"fr-FR\",\"@id\":\"https:\/\/hakunamatatacuba.com\/reserva\/habitacion-triple-con-bano-privado\/#primaryimage\",\"url\":\"https:\/\/hakunamatatacuba.com\/wp-content\/uploads\/2022\/09\/Hakuna-Matata-Cuba06.jpg\",\"contentUrl\":\"https:\/\/hakunamatatacuba.com\/wp-content\/uploads\/2022\/09\/Hakuna-Matata-Cuba06.jpg\",\"width\":1280,\"height\":719},{\"@type\":\"BreadcrumbList\",\"@id\":\"https:\/\/hakunamatatacuba.com\/reserva\/habitacion-triple-con-bano-privado\/#breadcrumb\",\"itemListElement\":[{\"@type\":\"ListItem\",\"position\":1,\"name\":\"Hakuna Matata\",\"item\":\"https:\/\/hakunamatatacuba.com\/\"},{\"@type\":\"ListItem\",\"position\":2,\"name\":\"Reservar\",\"item\":\"https:\/\/hakunamatatacuba.com\/tienda\/\"},{\"@type\":\"ListItem\",\"position\":3,\"name\":\"Habitaci\u00f3n triple con ba\u00f1o privado\"}]},{\"@type\":\"WebSite\",\"@id\":\"https:\/\/hakunamatatacuba.com\/#website\",\"url\":\"https:\/\/hakunamatatacuba.com\/\",\"name\":\"Hakuna Matata\",\"description\":\"Con\u00e9ctate con la naturaleza.\",\"publisher\":{\"@id\":\"https:\/\/hakunamatatacuba.com\/#organization\"},\"potentialAction\":[{\"@type\":\"SearchAction\",\"target\":{\"@type\":\"EntryPoint\",\"urlTemplate\":\"https:\/\/hakunamatatacuba.com\/?s={search_term_string}\"},\"query-input\":{\"@type\":\"PropertyValueSpecification\",\"valueRequired\":true,\"valueName\":\"search_term_string\"}}],\"inLanguage\":\"fr-FR\"},{\"@type\":\"Organization\",\"@id\":\"https:\/\/hakunamatatacuba.com\/#organization\",\"name\":\"Hakuna Matata\",\"url\":\"https:\/\/hakunamatatacuba.com\/\",\"logo\":{\"@type\":\"ImageObject\",\"inLanguage\":\"fr-FR\",\"@id\":\"https:\/\/hakunamatatacuba.com\/#\/schema\/logo\/image\/\",\"url\":\"https:\/\/hakunamatatacuba.com\/wp-content\/uploads\/2022\/07\/logo-daph-fond-blanc.png\",\"contentUrl\":\"https:\/\/hakunamatatacuba.com\/wp-content\/uploads\/2022\/07\/logo-daph-fond-blanc.png\",\"width\":1448,\"height\":1251,\"caption\":\"Hakuna Matata\"},\"image\":{\"@id\":\"https:\/\/hakunamatatacuba.com\/#\/schema\/logo\/image\/\"}}]}<\/script>\n<!-- \/ Yoast SEO plugin. -->","yoast_head_json":{"title":"Habitaci\u00f3n triple con ba\u00f1o privado &#8226; Hakuna Matata","robots":{"index":"index","follow":"follow","max-snippet":"max-snippet:-1","max-image-preview":"max-image-preview:large","max-video-preview":"max-video-preview:-1"},"canonical":"https:\/\/hakunamatatacuba.com\/fr\/reserva\/habitacion-triple-con-bano-privado\/","og_locale":"fr_FR","og_type":"article","og_title":"Habitaci\u00f3n triple con ba\u00f1o privado &#8226; Hakuna Matata","og_description":"Con Hakuna Matata queremos compartir nuestro sue\u00f1o hecho realidad! Vivir una experiencia en un entorno tropical abondante con los 5 sentidos, admirar el cielo estrellado, tomarse el agua pura de nuestro manantial, despertarse con el ruido de los p\u00e1jaros, sentir el \u00fanico olor h\u00famedo al bosque tropical y del rico cafe cultivado en las tierras [&hellip;]","og_url":"https:\/\/hakunamatatacuba.com\/fr\/reserva\/habitacion-triple-con-bano-privado\/","og_site_name":"Hakuna Matata","article_modified_time":"2022-11-22T08:54:24+00:00","og_image":[{"width":1280,"height":719,"url":"https:\/\/hakunamatatacuba.com\/wp-content\/uploads\/2022\/09\/Hakuna-Matata-Cuba06.jpg","type":"image\/jpeg"}],"twitter_card":"summary_large_image","twitter_misc":{"Dur\u00e9e de lecture estim\u00e9e":"1 minute"},"schema":{"@context":"https:\/\/schema.org","@graph":[{"@type":"WebPage","@id":"https:\/\/hakunamatatacuba.com\/reserva\/habitacion-triple-con-bano-privado\/","url":"https:\/\/hakunamatatacuba.com\/reserva\/habitacion-triple-con-bano-privado\/","name":"Habitaci\u00f3n triple con ba\u00f1o privado &#8226; Hakuna Matata","isPartOf":{"@id":"https:\/\/hakunamatatacuba.com\/#website"},"primaryImageOfPage":{"@id":"https:\/\/hakunamatatacuba.com\/reserva\/habitacion-triple-con-bano-privado\/#primaryimage"},"image":{"@id":"https:\/\/hakunamatatacuba.com\/reserva\/habitacion-triple-con-bano-privado\/#primaryimage"},"thumbnailUrl":"https:\/\/hakunamatatacuba.com\/wp-content\/uploads\/2022\/09\/Hakuna-Matata-Cuba06.jpg","datePublished":"2022-09-26T23:26:49+00:00","dateModified":"2022-11-22T08:54:24+00:00","breadcrumb":{"@id":"https:\/\/hakunamatatacuba.com\/reserva\/habitacion-triple-con-bano-privado\/#breadcrumb"},"inLanguage":"fr-FR","potentialAction":[{"@type":"ReadAction","target":["https:\/\/hakunamatatacuba.com\/reserva\/habitacion-triple-con-bano-privado\/"]}]},{"@type":"ImageObject","inLanguage":"fr-FR","@id":"https:\/\/hakunamatatacuba.com\/reserva\/habitacion-triple-con-bano-privado\/#primaryimage","url":"https:\/\/hakunamatatacuba.com\/wp-content\/uploads\/2022\/09\/Hakuna-Matata-Cuba06.jpg","contentUrl":"https:\/\/hakunamatatacuba.com\/wp-content\/uploads\/2022\/09\/Hakuna-Matata-Cuba06.jpg","width":1280,"height":719},{"@type":"BreadcrumbList","@id":"https:\/\/hakunamatatacuba.com\/reserva\/habitacion-triple-con-bano-privado\/#breadcrumb","itemListElement":[{"@type":"ListItem","position":1,"name":"Hakuna Matata","item":"https:\/\/hakunamatatacuba.com\/"},{"@type":"ListItem","position":2,"name":"Reservar","item":"https:\/\/hakunamatatacuba.com\/tienda\/"},{"@type":"ListItem","position":3,"name":"Habitaci\u00f3n triple con ba\u00f1o privado"}]},{"@type":"WebSite","@id":"https:\/\/hakunamatatacuba.com\/#website","url":"https:\/\/hakunamatatacuba.com\/","name":"Hakuna Matata","description":"Con\u00e9ctate con la naturaleza.","publisher":{"@id":"https:\/\/hakunamatatacuba.com\/#organization"},"potentialAction":[{"@type":"SearchAction","target":{"@type":"EntryPoint","urlTemplate":"https:\/\/hakunamatatacuba.com\/?s={search_term_string}"},"query-input":{"@type":"PropertyValueSpecification","valueRequired":true,"valueName":"search_term_string"}}],"inLanguage":"fr-FR"},{"@type":"Organization","@id":"https:\/\/hakunamatatacuba.com\/#organization","name":"Hakuna Matata","url":"https:\/\/hakunamatatacuba.com\/","logo":{"@type":"ImageObject","inLanguage":"fr-FR","@id":"https:\/\/hakunamatatacuba.com\/#\/schema\/logo\/image\/","url":"https:\/\/hakunamatatacuba.com\/wp-content\/uploads\/2022\/07\/logo-daph-fond-blanc.png","contentUrl":"https:\/\/hakunamatatacuba.com\/wp-content\/uploads\/2022\/07\/logo-daph-fond-blanc.png","width":1448,"height":1251,"caption":"Hakuna Matata"},"image":{"@id":"https:\/\/hakunamatatacuba.com\/#\/schema\/logo\/image\/"}}]}},"_links":{"self":[{"href":"https:\/\/hakunamatatacuba.com\/fr\/wp-json\/wp\/v2\/product\/696","targetHints":{"allow":["GET"]}}],"collection":[{"href":"https:\/\/hakunamatatacuba.com\/fr\/wp-json\/wp\/v2\/product"}],"about":[{"href":"https:\/\/hakunamatatacuba.com\/fr\/wp-json\/wp\/v2\/types\/product"}],"replies":[{"embeddable":true,"href":"https:\/\/hakunamatatacuba.com\/fr\/wp-json\/wp\/v2\/comments?post=696"}],"wp:featuredmedia":[{"embeddable":true,"href":"https:\/\/hakunamatatacuba.com\/fr\/wp-json\/wp\/v2\/media\/394"}],"wp:attachment":[{"href":"https:\/\/hakunamatatacuba.com\/fr\/wp-json\/wp\/v2\/media?parent=696"}],"wp:term":[{"taxonomy":"product_brand","embeddable":true,"href":"https:\/\/hakunamatatacuba.com\/fr\/wp-json\/wp\/v2\/product_brand?post=696"},{"taxonomy":"product_cat","embeddable":true,"href":"https:\/\/hakunamatatacuba.com\/fr\/wp-json\/wp\/v2\/product_cat?post=696"},{"taxonomy":"product_tag","embeddable":true,"href":"https:\/\/hakunamatatacuba.com\/fr\/wp-json\/wp\/v2\/product_tag?post=696"}],"curies":[{"name":"wp","href":"https:\/\/api.w.org\/{rel}","templated":true}]}}